{"id":86,"date":"2020-10-25T14:29:27","date_gmt":"2020-10-25T13:29:27","guid":{"rendered":"http:\/\/www.sjvf.nu\/wp\/?page_id=86"},"modified":"2021-08-02T11:52:07","modified_gmt":"2021-08-02T09:52:07","slug":"banan","status":"publish","type":"page","link":"http:\/\/www.sjvf.nu\/?page_id=86","title":{"rendered":"Banan"},"content":{"rendered":"\n<p class=\"has-text-align-left\">S\u00f6dert\u00e4lje jaktv\u00e5rdsf\u00f6renings anl\u00e4ggning \u00e4r bel\u00e4gen strax utanf\u00f6r S\u00f6dert\u00e4lje. <br>Anl\u00e4ggningen har hela 7 typer av banor vilket ger dig m\u00f6jlighet till en allsidig och varierad tr\u00e4ning.<br>Vill du boka n\u00e5gon av v\u00e5ra banor f\u00f6r privat skytte g\u00f6r du detta <a rel=\"noreferrer noopener\" href=\"http:\/\/boka.se\/sjvf\" target=\"_blank\">H\u00c4R.<\/a><\/p>\n\n\n\n<p><\/p>\n\n\n\n<ul><li>1 st \u00c4lgbana (elektronisk markering och frekvensreglering)<\/li><li>1 st Gris\/r\u00e5djursbana (frekvensreglering, skottsensor, och stopp vid murkant)<\/li><li>1 st Harbana (elektrisk)<\/li><li>Inskjutningstorn<\/li><li>Bj\u00f6rnpasset<\/li><li>J\u00e4garexamen<\/li><\/ul>\n","protected":false},"excerpt":{"rendered":"<p>S\u00f6dert\u00e4lje jaktv\u00e5rdsf\u00f6renings anl\u00e4ggning \u00e4r bel\u00e4gen strax utanf\u00f6r S\u00f6dert\u00e4lje. Anl\u00e4ggningen har hela 7 typer av banor vilket ger dig m\u00f6jlighet till en allsidig och varierad tr\u00e4ning.Vill du boka n\u00e5gon av v\u00e5ra banor f\u00f6r privat skytte g\u00f6r du detta H\u00c4R. 1 st \u00c4lgbana (elektronisk markering och frekvensreglering) 1 st Gris\/r\u00e5djursbana (frekvensreglering, skottsensor, och stopp vid murkant) 1 &hellip; <\/p>\n<p class=\"link-more\"><a href=\"http:\/\/www.sjvf.nu\/?page_id=86\" class=\"more-link\">Forts\u00e4tt l\u00e4sa<span class=\"screen-reader-text\"> &#8221;Banan&#8221;<\/span><\/a><\/p>\n","protected":false},"author":1,"featured_media":0,"parent":0,"menu_order":0,"comment_status":"closed","ping_status":"closed","template":"templates\/template-onecolumn.php","meta":[],"_links":{"self":[{"href":"http:\/\/www.sjvf.nu\/index.php?rest_route=\/wp\/v2\/pages\/86"}],"collection":[{"href":"http:\/\/www.sjvf.nu\/index.php?rest_route=\/wp\/v2\/pages"}],"about":[{"href":"http:\/\/www.sjvf.nu\/index.php?rest_route=\/wp\/v2\/types\/page"}],"author":[{"embeddable":true,"href":"http:\/\/www.sjvf.nu\/index.php?rest_route=\/wp\/v2\/users\/1"}],"replies":[{"embeddable":true,"href":"http:\/\/www.sjvf.nu\/index.php?rest_route=%2Fwp%2Fv2%2Fcomments&post=86"}],"version-history":[{"count":4,"href":"http:\/\/www.sjvf.nu\/index.php?rest_route=\/wp\/v2\/pages\/86\/revisions"}],"predecessor-version":[{"id":212,"href":"http:\/\/www.sjvf.nu\/index.php?rest_route=\/wp\/v2\/pages\/86\/revisions\/212"}],"wp:attachment":[{"href":"http:\/\/www.sjvf.nu\/index.php?rest_route=%2Fwp%2Fv2%2Fmedia&parent=86"}],"curies":[{"name":"wp","href":"https:\/\/api.w.org\/{rel}","templated":true}]}}